{"id":1006,"date":"2021-10-08T22:13:11","date_gmt":"2021-10-08T20:13:11","guid":{"rendered":"https:\/\/www.data84.be\/?page_id=1006"},"modified":"2021-10-08T22:14:14","modified_gmt":"2021-10-08T20:14:14","slug":"hakkimizda","status":"publish","type":"page","link":"https:\/\/www.data84.be\/tr\/hakkimizda\/","title":{"rendered":"Hakk\u0131m\u0131zda"},"content":{"rendered":"\t<section class=\"section\" id=\"section_1111846968\">\n\t\t<div class=\"bg section-bg fill bg-fill  bg-loaded\" >\n\n\t\t\t\n\t\t\t\n\t\t\t\n\n\t\t<\/div>\n\n\t\t\n\n\t\t<div class=\"section-content relative\">\n\t\t\t\n<div class=\"row\"  id=\"row-837431224\">\n\n\t<div id=\"col-92339838\" class=\"col medium-5 small-12 large-5\"  >\n\t\t\t\t<div class=\"col-inner\"  >\n\t\t\t\n\t\t\t\n\n  <div class=\"banner has-hover hide-for-medium\" id=\"banner-617134395\">\n          <div class=\"banner-inner fill\">\n        <div class=\"banner-bg fill\" >\n            <div class=\"bg fill bg-fill \"><\/div>\n                                    \n                    <\/div>\n\t\t\n        <div class=\"banner-layers container\">\n            <div class=\"fill banner-link\"><\/div>            \n        <\/div>\n      <\/div>\n\n            \n<style>\n#banner-617134395 {\n  padding-top: 610px;\n}\n#banner-617134395 .bg.bg-loaded {\n  background-image: url(https:\/\/www.data84.be\/wp-content\/uploads\/2021\/10\/m84_agence_web_bruxelles.jpg);\n}\n#banner-617134395 .bg {\n  background-position: 49% 46%;\n}\n#banner-617134395 .ux-shape-divider--top svg {\n  height: 150px;\n  --divider-top-width: 100%;\n}\n#banner-617134395 .ux-shape-divider--bottom svg {\n  height: 150px;\n  --divider-width: 100%;\n}\n<\/style>\n  <\/div>\n\n\n\n  <div class=\"banner has-hover show-for-small\" id=\"banner-2080773956\">\n          <div class=\"banner-inner fill\">\n        <div class=\"banner-bg fill\" >\n            <div class=\"bg fill bg-fill \"><\/div>\n                                    \n                    <\/div>\n\t\t\n        <div class=\"banner-layers container\">\n            <div class=\"fill banner-link\"><\/div>            \n        <\/div>\n      <\/div>\n\n            \n<style>\n#banner-2080773956 {\n  padding-top: 250px;\n}\n#banner-2080773956 .bg.bg-loaded {\n  background-image: url(https:\/\/www.data84.be\/wp-content\/uploads\/2021\/10\/m84_agence_web_bruxelles.jpg);\n}\n#banner-2080773956 .bg {\n  background-position: 49% 46%;\n}\n#banner-2080773956 .ux-shape-divider--top svg {\n  height: 150px;\n  --divider-top-width: 100%;\n}\n#banner-2080773956 .ux-shape-divider--bottom svg {\n  height: 150px;\n  --divider-width: 100%;\n}\n@media (min-width:550px) {\n  #banner-2080773956 {\n    padding-top: 610px;\n  }\n}\n<\/style>\n  <\/div>\n\n\n\t\t<\/div>\n\t\t\t\t\t<\/div>\n\n\t\n\n\t<div id=\"col-1877960794\" class=\"col medium-7 small-11 large-7\"  >\n\t\t\t\t<div class=\"col-inner\"  >\n\t\t\t\n\t\t\t\n\t<div id=\"gap-1158696931\" class=\"gap-element clearfix hide-for-medium\" style=\"display:block; height:auto;\">\n\t\t\n<style>\n#gap-1158696931 {\n  padding-top: 50px;\n}\n<\/style>\n\t<\/div>\n\t\n<h1 class=\"uppercase\"><span style=\"font-size: 120%;\">Hakk\u0131m\u0131zda<\/span><\/h1>\n<p>Giri\u015fimcilik d\u00fcnyas\u0131 s\u00fcrekli geli\u015fiyor.<\/p>\n<p>Bu d\u00fcnya son y\u0131llarda, \u00f6zellikle de son aylarda h\u0131zl\u0131 bir dijital d\u00f6n\u00fc\u015f\u00fcm ge\u00e7irirken \u015firketlerin gelece\u011fi i\u00e7in ise giderek daha belirleyici oluyor.<\/p>\n<p>Bu kitlesel dijitalle\u015fme; potansiyel m\u00fc\u015fterilerinize ula\u015fabilmeniz i\u00e7in, sizinle onlar aras\u0131nda dijital yak\u0131nl\u0131klar kurar. Bu nedenle data84, ihtiya\u00e7lar\u0131n\u0131z\u0131 kar\u015f\u0131lamak i\u00e7in size, i\u015finizin pazarlama taraf\u0131 ad\u0131na art\u0131k bir zorunluluk olan profesyonel bir \u00e7\u00f6z\u00fcm \u00f6neriyor: Veritabanlar\u0131 ve potansiyel m\u00fc\u015fteriler.<\/p>\n<p>Bu, do\u011frudan kitlenize ve hedefinizdeki m\u00fc\u015fterilere ula\u015f\u0131p, sekt\u00f6r\u00fcn\u00fcz\u00fc ve i\u015f ortakl\u0131klar\u0131n\u0131 hedefleyerek i\u015finizi b\u00fcy\u00fctmenizi sa\u011flar.<\/p>\n<p>Data84 olarak on y\u0131ld\u0131r, Media84, OnliCommerce, B2B Welcome, beselz ve daha bir\u00e7ok projeye aktif olarak hizmet veriyoruz.<\/p>\n<p>\u00a0<\/p>\n<p>\u00a0<\/p>\n<p>\u00a0<\/p>\n\t<div id=\"gap-419557214\" class=\"gap-element clearfix\" style=\"display:block; height:auto;\">\n\t\t\n<style>\n#gap-419557214 {\n  padding-top: 6px;\n}\n<\/style>\n\t<\/div>\n\t\n\t\t<\/div>\n\t\t\t\t\n<style>\n#col-1877960794 > .col-inner {\n  padding: 0px 0px 0px 30px;\n}\n<\/style>\n\t<\/div>\n\n\t\n<\/div>\n\t\t<\/div>\n\n\t\t\n<style>\n#section_1111846968 {\n  padding-top: 30px;\n  padding-bottom: 30px;\n  background-color: rgb(255, 255, 255);\n}\n#section_1111846968 .ux-shape-divider--top svg {\n  height: 150px;\n  --divider-top-width: 100%;\n}\n#section_1111846968 .ux-shape-divider--bottom svg {\n  height: 150px;\n  --divider-width: 100%;\n}\n<\/style>\n\t<\/section>\n\t\n","protected":false},"excerpt":{"rendered":"","protected":false},"author":1,"featured_media":0,"parent":0,"menu_order":0,"comment_status":"closed","ping_status":"closed","template":"page-blank.php","meta":{"footnotes":""},"class_list":["post-1006","page","type-page","status-publish","hentry"],"jetpack_sharing_enabled":true,"_links":{"self":[{"href":"https:\/\/www.data84.be\/tr\/wp-json\/wp\/v2\/pages\/1006","targetHints":{"allow":["GET"]}}],"collection":[{"href":"https:\/\/www.data84.be\/tr\/wp-json\/wp\/v2\/pages"}],"about":[{"href":"https:\/\/www.data84.be\/tr\/wp-json\/wp\/v2\/types\/page"}],"author":[{"embeddable":true,"href":"https:\/\/www.data84.be\/tr\/wp-json\/wp\/v2\/users\/1"}],"replies":[{"embeddable":true,"href":"https:\/\/www.data84.be\/tr\/wp-json\/wp\/v2\/comments?post=1006"}],"version-history":[{"count":3,"href":"https:\/\/www.data84.be\/tr\/wp-json\/wp\/v2\/pages\/1006\/revisions"}],"predecessor-version":[{"id":1009,"href":"https:\/\/www.data84.be\/tr\/wp-json\/wp\/v2\/pages\/1006\/revisions\/1009"}],"wp:attachment":[{"href":"https:\/\/www.data84.be\/tr\/wp-json\/wp\/v2\/media?parent=1006"}],"curies":[{"name":"wp","href":"https:\/\/api.w.org\/{rel}","templated":true}]}}